{"id":977,"date":"2025-09-05T13:06:41","date_gmt":"2025-09-05T18:06:41","guid":{"rendered":"https:\/\/sscy.ca\/politique-de-confidentialite\/"},"modified":"2025-10-21T14:55:12","modified_gmt":"2025-10-21T19:55:12","slug":"politique-de-confidentialite","status":"publish","type":"page","link":"https:\/\/sscy.ca\/fr\/politique-de-confidentialite\/","title":{"rendered":"Politique de confidentialit\u00e9"},"content":{"rendered":"\n[et_pb_section fb_built=\u00a0\u00bb1&Prime; admin_label=\u00a0\u00bbsection\u00a0\u00bb _builder_version=\u00a0\u00bb4.27.4&Prime; hover_enabled=\u00a0\u00bb0&Prime; global_colors_info=\u00a0\u00bb{}\u00a0\u00bb custom_padding=\u00a0\u00bb0px||||false|false\u00a0\u00bb sticky_enabled=\u00a0\u00bb0&Prime;][et_pb_row _builder_version=\u00a0\u00bb4.27.4&Prime; _module_preset=\u00a0\u00bbdefault\u00a0\u00bb global_colors_info=\u00a0\u00bb{}\u00a0\u00bb theme_builder_area=\u00a0\u00bbpost_content\u00a0\u00bb][et_pb_column type=\u00a0\u00bb4_4&Prime; _builder_version=\u00a0\u00bb4.27.4&Prime; _module_preset=\u00a0\u00bbdefault\u00a0\u00bb global_colors_info=\u00a0\u00bb{}\u00a0\u00bb theme_builder_area=\u00a0\u00bbpost_content\u00a0\u00bb][et_pb_code _builder_version=\u00a0\u00bb4.27.4&Prime; _module_preset=\u00a0\u00bbdefault\u00a0\u00bb global_colors_info=\u00a0\u00bb{}\u00a0\u00bb theme_builder_area=\u00a0\u00bbpost_content\u00a0\u00bb]<div class=\"sscy-breadcrumbs-wrapper\"><span><span><a href=\"https:\/\/sscy.ca\/fr\/accueil\/\">Accueil<\/a><\/span><\/span><\/div>[\/et_pb_code][\/et_pb_column][\/et_pb_row][et_pb_row admin_label=\u00a0\u00bbrang\u00e9e\u00a0\u00bb _builder_version=\u00a0\u00bb4.16&Prime; background_size=\u00a0\u00bbinitial\u00a0\u00bb background_position=\u00a0\u00bbtop_left\u00a0\u00bb background_repeat=\u00a0\u00bbrepeat\u00a0\u00bb global_colors_info=\u00a0\u00bb{}\u00a0\u00bb][et_pb_column type=\u00a0\u00bb4_4&Prime; _builder_version=\u00a0\u00bb4.16&Prime; custom_padding=\u00a0\u00bb|||\u00a0\u00bb global_colors_info=\u00a0\u00bb{}\u00a0\u00bb custom_padding__hover=\u00a0\u00bb|||\u00a0\u00bb][et_pb_text _builder_version=\u00a0\u00bb4.27.4&Prime; _module_preset=\u00a0\u00bbdefault\u00a0\u00bb global_colors_info=\u00a0\u00bb{}\u00a0\u00bb]<h1>Politique de confidentialit\u00e9<\/h1>[\/et_pb_text][\/et_pb_column][\/et_pb_row][et_pb_row _builder_version=\u00a0\u00bb4.27.4&Prime; _module_preset=\u00a0\u00bbdefault\u00a0\u00bb global_colors_info=\u00a0\u00bb{}\u00a0\u00bb][et_pb_column type=\u00a0\u00bb4_4&Prime; _builder_version=\u00a0\u00bb4.27.4&Prime; _module_preset=\u00a0\u00bbdefault\u00a0\u00bb global_colors_info=\u00a0\u00bb{}\u00a0\u00bb][et_pb_text admin_label=\u00a0\u00bbText\u00a0\u00bb _builder_version=\u00a0\u00bb4.27.4&Prime; background_size=\u00a0\u00bbinitial\u00a0\u00bb background_position=\u00a0\u00bbtop_left\u00a0\u00bb background_repeat=\u00a0\u00bbrepeat\u00a0\u00bb max_width=\u00a0\u00bb1000px\u00a0\u00bb hover_enabled=\u00a0\u00bb0&Prime; global_colors_info=\u00a0\u00bb{}\u00a0\u00bb sticky_enabled=\u00a0\u00bb0&Prime; custom_css_main_element=\u00a0\u00bbtext-wrap: balance;\u00a0\u00bb]<p><strong>Le Centre des Services sp\u00e9cialis\u00e9s pour enfants et jeunes (SSCY) s&rsquo;engage \u00e0 prot\u00e9ger la confidentialit\u00e9 des personnes qui acc\u00e8dent \u00e0 notre site web.<\/strong><\/p>\n<p>Le Centre SSCY ne collecte aucune information sur l&rsquo;identit\u00e9 des personnes consultant notre site web. Cependant, le Centre SSCY recueille anonymement des informations via un fichier journal qui indique quelles pages ont \u00e9t\u00e9 visit\u00e9es et leur fr\u00e9quence. SSCY collecte \u00e9galement les r\u00e9ponses au formulaire de commentaires sur le site web du Centre.  <\/p>\n<p>Les informations fournies par les visiteurs du site web SSCY ne sont utilis\u00e9es que dans la mesure n\u00e9cessaire pour r\u00e9pondre \u00e0 l&rsquo;objectif d\u00e9clar\u00e9 de leurs demandes. Le Centre SSCY ne divulgue, ne donne ni ne vend aucune information personnelle concernant les visiteurs de notre site web. <\/p>\n<p>Tout changement apport\u00e9 \u00e0 la d\u00e9claration de confidentialit\u00e9 du site web du Centre SSCY sera publi\u00e9 et d\u00e9taill\u00e9 lors de son entr\u00e9e en vigueur.<\/p>\n<p>Le Centre SSCY n&rsquo;est pas responsable du contenu ou des politiques de confidentialit\u00e9 des sites web vers lesquels nous \u00e9tablissons des liens.<\/p>[\/et_pb_text][\/et_pb_column][\/et_pb_row][\/et_pb_section]\n","protected":false},"excerpt":{"rendered":"<p>Le Centre des Services sp\u00e9cialis\u00e9s pour enfants et jeunes (SSCY) s&rsquo;engage \u00e0 prot\u00e9ger la confidentialit\u00e9 des personnes qui acc\u00e8dent \u00e0 notre site web.<\/p>\n","protected":false},"author":1,"featured_media":0,"parent":0,"menu_order":0,"comment_status":"closed","ping_status":"open","template":"","meta":{"_acf_changed":false,"_et_pb_use_builder":"on","_et_pb_old_content":"","_et_gb_content_width":"","footnotes":""},"class_list":["post-977","page","type-page","status-publish","hentry"],"acf":[],"yoast_head":"<!-- This site is optimized with the Yoast SEO plugin v27.5 - https:\/\/yoast.com\/product\/yoast-seo-wordpress\/ -->\n<title>Politique de confidentialit\u00e9 - Specialized Services for Children and Youth<\/title>\n<meta name=\"robots\" content=\"index, follow, max-snippet:-1, max-image-preview:large, max-video-preview:-1\" \/>\n<link rel=\"canonical\" href=\"https:\/\/sscy.ca\/fr\/politique-de-confidentialite\/\" \/>\n<meta property=\"og:locale\" content=\"fr_FR\" \/>\n<meta property=\"og:type\" content=\"article\" \/>\n<meta property=\"og:title\" content=\"Politique de confidentialit\u00e9 - Specialized Services for Children and Youth\" \/>\n<meta property=\"og:description\" content=\"Le Centre des Services sp\u00e9cialis\u00e9s pour enfants et jeunes (SSCY) s&#039;engage \u00e0 prot\u00e9ger la confidentialit\u00e9 des personnes qui acc\u00e8dent \u00e0 notre site web.\" \/>\n<meta property=\"og:url\" content=\"https:\/\/sscy.ca\/fr\/politique-de-confidentialite\/\" \/>\n<meta property=\"og:site_name\" content=\"Specialized Services for Children and Youth\" \/>\n<meta property=\"article:modified_time\" content=\"2025-10-21T19:55:12+00:00\" \/>\n<meta name=\"twitter:card\" content=\"summary_large_image\" \/>\n<script type=\"application\/ld+json\" class=\"yoast-schema-graph\">{\"@context\":\"https:\\\/\\\/schema.org\",\"@graph\":[{\"@type\":\"WebPage\",\"@id\":\"https:\\\/\\\/sscy.ca\\\/fr\\\/politique-de-confidentialite\\\/\",\"url\":\"https:\\\/\\\/sscy.ca\\\/fr\\\/politique-de-confidentialite\\\/\",\"name\":\"Politique de confidentialit\u00e9 - Specialized Services for Children and Youth\",\"isPartOf\":{\"@id\":\"https:\\\/\\\/sscy.ca\\\/fr\\\/#website\"},\"datePublished\":\"2025-09-05T18:06:41+00:00\",\"dateModified\":\"2025-10-21T19:55:12+00:00\",\"breadcrumb\":{\"@id\":\"https:\\\/\\\/sscy.ca\\\/fr\\\/politique-de-confidentialite\\\/#breadcrumb\"},\"inLanguage\":\"fr-FR\",\"potentialAction\":[{\"@type\":\"ReadAction\",\"target\":[\"https:\\\/\\\/sscy.ca\\\/fr\\\/politique-de-confidentialite\\\/\"]}]},{\"@type\":\"BreadcrumbList\",\"@id\":\"https:\\\/\\\/sscy.ca\\\/fr\\\/politique-de-confidentialite\\\/#breadcrumb\",\"itemListElement\":[{\"@type\":\"ListItem\",\"position\":1,\"name\":\"Accueil\",\"item\":\"https:\\\/\\\/sscy.ca\\\/fr\\\/accueil\\\/\"},{\"@type\":\"ListItem\",\"position\":2,\"name\":\"Politique de confidentialit\u00e9\"}]},{\"@type\":\"WebSite\",\"@id\":\"https:\\\/\\\/sscy.ca\\\/fr\\\/#website\",\"url\":\"https:\\\/\\\/sscy.ca\\\/fr\\\/\",\"name\":\"Specialized Services for Children and Youth\",\"description\":\"\",\"potentialAction\":[{\"@type\":\"SearchAction\",\"target\":{\"@type\":\"EntryPoint\",\"urlTemplate\":\"https:\\\/\\\/sscy.ca\\\/fr\\\/?s={search_term_string}\"},\"query-input\":{\"@type\":\"PropertyValueSpecification\",\"valueRequired\":true,\"valueName\":\"search_term_string\"}}],\"inLanguage\":\"fr-FR\"}]}<\/script>\n<!-- \/ Yoast SEO plugin. -->","yoast_head_json":{"title":"Politique de confidentialit\u00e9 - Specialized Services for Children and Youth","robots":{"index":"index","follow":"follow","max-snippet":"max-snippet:-1","max-image-preview":"max-image-preview:large","max-video-preview":"max-video-preview:-1"},"canonical":"https:\/\/sscy.ca\/fr\/politique-de-confidentialite\/","og_locale":"fr_FR","og_type":"article","og_title":"Politique de confidentialit\u00e9 - Specialized Services for Children and Youth","og_description":"Le Centre des Services sp\u00e9cialis\u00e9s pour enfants et jeunes (SSCY) s'engage \u00e0 prot\u00e9ger la confidentialit\u00e9 des personnes qui acc\u00e8dent \u00e0 notre site web.","og_url":"https:\/\/sscy.ca\/fr\/politique-de-confidentialite\/","og_site_name":"Specialized Services for Children and Youth","article_modified_time":"2025-10-21T19:55:12+00:00","twitter_card":"summary_large_image","schema":{"@context":"https:\/\/schema.org","@graph":[{"@type":"WebPage","@id":"https:\/\/sscy.ca\/fr\/politique-de-confidentialite\/","url":"https:\/\/sscy.ca\/fr\/politique-de-confidentialite\/","name":"Politique de confidentialit\u00e9 - Specialized Services for Children and Youth","isPartOf":{"@id":"https:\/\/sscy.ca\/fr\/#website"},"datePublished":"2025-09-05T18:06:41+00:00","dateModified":"2025-10-21T19:55:12+00:00","breadcrumb":{"@id":"https:\/\/sscy.ca\/fr\/politique-de-confidentialite\/#breadcrumb"},"inLanguage":"fr-FR","potentialAction":[{"@type":"ReadAction","target":["https:\/\/sscy.ca\/fr\/politique-de-confidentialite\/"]}]},{"@type":"BreadcrumbList","@id":"https:\/\/sscy.ca\/fr\/politique-de-confidentialite\/#breadcrumb","itemListElement":[{"@type":"ListItem","position":1,"name":"Accueil","item":"https:\/\/sscy.ca\/fr\/accueil\/"},{"@type":"ListItem","position":2,"name":"Politique de confidentialit\u00e9"}]},{"@type":"WebSite","@id":"https:\/\/sscy.ca\/fr\/#website","url":"https:\/\/sscy.ca\/fr\/","name":"Specialized Services for Children and Youth","description":"","potentialAction":[{"@type":"SearchAction","target":{"@type":"EntryPoint","urlTemplate":"https:\/\/sscy.ca\/fr\/?s={search_term_string}"},"query-input":{"@type":"PropertyValueSpecification","valueRequired":true,"valueName":"search_term_string"}}],"inLanguage":"fr-FR"}]}},"_links":{"self":[{"href":"https:\/\/sscy.ca\/fr\/wp-json\/wp\/v2\/pages\/977","targetHints":{"allow":["GET"]}}],"collection":[{"href":"https:\/\/sscy.ca\/fr\/wp-json\/wp\/v2\/pages"}],"about":[{"href":"https:\/\/sscy.ca\/fr\/wp-json\/wp\/v2\/types\/page"}],"author":[{"embeddable":true,"href":"https:\/\/sscy.ca\/fr\/wp-json\/wp\/v2\/users\/1"}],"replies":[{"embeddable":true,"href":"https:\/\/sscy.ca\/fr\/wp-json\/wp\/v2\/comments?post=977"}],"version-history":[{"count":1,"href":"https:\/\/sscy.ca\/fr\/wp-json\/wp\/v2\/pages\/977\/revisions"}],"predecessor-version":[{"id":978,"href":"https:\/\/sscy.ca\/fr\/wp-json\/wp\/v2\/pages\/977\/revisions\/978"}],"wp:attachment":[{"href":"https:\/\/sscy.ca\/fr\/wp-json\/wp\/v2\/media?parent=977"}],"curies":[{"name":"wp","href":"https:\/\/api.w.org\/{rel}","templated":true}]}}