{"id":936,"date":"2025-10-03T11:41:19","date_gmt":"2025-10-03T16:41:19","guid":{"rendered":"https:\/\/sscy.ca\/informations-sur-les-references\/"},"modified":"2025-11-04T14:27:02","modified_gmt":"2025-11-04T20:27:02","slug":"informations-sur-les-references","status":"publish","type":"page","link":"https:\/\/sscy.ca\/fr\/informations-sur-les-references\/","title":{"rendered":"Informations sur les r\u00e9f\u00e9rences"},"content":{"rendered":"<p>[et_pb_section fb_built=\u00a0\u00bb1&Prime; module_id=\u00a0\u00bb\u00e0-propos-de-nous\u00a0\u00bb _builder_version=\u00a0\u00bb4.27.4&Prime; _module_preset=\u00a0\u00bbdefault\u00a0\u00bb custom_padding=\u00a0\u00bb0px||0px||false|false\u00a0\u00bb global_colors_info=\u00a0\u00bb{}\u00a0\u00bb][et_pb_row _builder_version=\u00a0\u00bb4.27.4&Prime; _module_preset=\u00a0\u00bbdefault\u00a0\u00bb global_colors_info=\u00a0\u00bb{}\u00a0\u00bb][et_pb_column type=\u00a0\u00bb4_4&Prime; _builder_version=\u00a0\u00bb4.27.4&Prime; _module_preset=\u00a0\u00bbdefault\u00a0\u00bb global_colors_info=\u00a0\u00bb{}\u00a0\u00bb][et_pb_code _builder_version=\u00a0\u00bb4.27.4&Prime; _module_preset=\u00a0\u00bbdefault\u00a0\u00bb global_colors_info=\u00a0\u00bb{}\u00a0\u00bb]<div class=\"sscy-breadcrumbs-wrapper\"><span><span><a href=\"https:\/\/sscy.ca\/fr\/accueil\/\">Accueil<\/a><\/span><\/span><\/div>[\/et_pb_code][\/et_pb_column][\/et_pb_row][et_pb_row module_class=\u00a0\u00bbsscy-sub-menu-wrapper sticky-container-item\u00a0\u00bb _builder_version=\u00a0\u00bb4.27.4&Prime; _module_preset=\u00a0\u00bbdefault\u00a0\u00bb width=\u00a0\u00bb100%\u00a0\u00bb max_width=\u00a0\u00bb100%\u00a0\u00bb global_colors_info=\u00a0\u00bb{}\u00a0\u00bb][et_pb_column type=\u00a0\u00bb4_4&Prime; _builder_version=\u00a0\u00bb4.27.4&Prime; _module_preset=\u00a0\u00bbdefault\u00a0\u00bb global_colors_info=\u00a0\u00bb{}\u00a0\u00bb][et_pb_code _builder_version=\u00a0\u00bb4.27.4&Prime; _module_preset=\u00a0\u00bbdefault\u00a0\u00bb global_colors_info=\u00a0\u00bb{}\u00a0\u00bb]<div class=\"menu-about-us-sub-menu-container\"><ul id=\"menu-about-us-sub-menu\" class=\"sscy-page-sub-menu\"><li id=\"menu-item-182\" class=\"menu-item menu-item-type-custom menu-item-object-custom menu-item-182\"><a href=\"#about-us\">About Us<\/a><\/li>\n<li id=\"menu-item-183\" class=\"menu-item menu-item-type-custom menu-item-object-custom menu-item-183\"><a href=\"#organizational-chart\">Organizational Chart<\/a><\/li>\n<li id=\"menu-item-184\" class=\"menu-item menu-item-type-custom menu-item-object-custom menu-item-184\"><a href=\"#sscy-partners\">SSCY Partners<\/a><\/li>\n<li id=\"menu-item-185\" class=\"menu-item menu-item-type-custom menu-item-object-custom menu-item-185\"><a href=\"#contact-us\">Contact Us<\/a><\/li>\n<li id=\"menu-item-186\" class=\"menu-item menu-item-type-custom menu-item-object-custom menu-item-186\"><a href=\"#about-your-visit\">About Your Visit<\/a><\/li>\n<\/ul><\/div>[\/et_pb_code][\/et_pb_column][\/et_pb_row][\/et_pb_section][et_pb_section fb_built=\u00a0\u00bb1&Prime; module_id=\u00a0\u00bbservices-de-therapie-pediatrique\u00a0\u00bb _builder_version=\u00a0\u00bb4.27.4&Prime; _module_preset=\u00a0\u00bbdefault\u00a0\u00bb custom_padding=\u00a0\u00bb0px||||false|false\u00a0\u00bb global_colors_info=\u00a0\u00bb{}\u00a0\u00bb][et_pb_row column_structure=\u00a0\u00bb3_4,1_4&Prime; _builder_version=\u00a0\u00bb4.27.4&Prime; _module_preset=\u00a0\u00bbdefault\u00a0\u00bb global_colors_info=\u00a0\u00bb{}\u00a0\u00bb][et_pb_column type=\u00a0\u00bb3_4&Prime; _builder_version=\u00a0\u00bb4.27.4&Prime; _module_preset=\u00a0\u00bbdefault\u00a0\u00bb global_colors_info=\u00a0\u00bb{}\u00a0\u00bb][et_pb_text _builder_version=\u00a0\u00bb4.27.4&Prime; _dynamic_attributes=\u00a0\u00bbcontent\u00a0\u00bb _module_preset=\u00a0\u00bbdefault\u00a0\u00bb global_colors_info=\u00a0\u00bb{}\u00a0\u00bb]@ET-DC@eyJkeW5hbWljIjp0cnVlLCJjb250ZW50IjoicG9zdF90aXRsZSIsInNldHRpbmdzIjp7ImJlZm9yZSI6IjxoMT4iLCJhZnRlciI6IjwvaDE+IiwiZW5hYmxlX2h0bWwiOiJvZmYifX0=@[\/et_pb_text][et_pb_text _builder_version=\u00a0\u00bb4.27.4&Prime; _module_preset=\u00a0\u00bbdefault\u00a0\u00bb hover_enabled=\u00a0\u00bb0&Prime; global_colors_info=\u00a0\u00bb{}\u00a0\u00bb sticky_enabled=\u00a0\u00bb0&Prime;]<\/p>\n<h2>Services de th\u00e9rapie p\u00e9diatrique<\/h2>\n<p>Les services de th\u00e9rapie p\u00e9diatrique (Audiologie, Ergoth\u00e9rapie (ET), Physioth\u00e9rapie (PT) et Orthophonie) sont disponibles pour les enfants vivant dans toutes les r\u00e9gions de la province par l&rsquo;interm\u00e9diaire du <strong>R\u00e9seau de th\u00e9rapie pour enfants du Manitoba (RTEM)<\/strong>. Pour plus d&rsquo;informations \u2013 <a href=\"https:\/\/www.gov.mb.ca\/fs\/ctnm\/index.html\" target=\"_blank\" rel=\"noopener\">visitez le site web du RTEM (s&rsquo;ouvre dans une nouvelle fen\u00eatre)<\/a>. <\/p>\n<p>Pour des exemples d&rsquo;indications qui pourraient conduire \u00e0 la n\u00e9cessit\u00e9 de services de th\u00e9rapie \u2014 <a href=\"\/wp-content\/uploads\/2025\/10\/Red-Flags-for-Child-Development.pdf\" target=\"_blank\" rel=\"noopener\">t\u00e9l\u00e9chargez le PDF des signaux d&rsquo;alerte pour le d\u00e9veloppement de l&rsquo;enfant (s&rsquo;ouvre dans une nouvelle fen\u00eatre)<\/a>.<\/p>\n<p>Les r\u00e9f\u00e9rences sont accept\u00e9es des familles, des soignants ou des professionnels.<\/p>\n<p>[\/et_pb_text][et_pb_text _builder_version=\u00a0\u00bb4.27.4&Prime; _module_preset=\u00a0\u00bbdefault\u00a0\u00bb global_colors_info=\u00a0\u00bb{}\u00a0\u00bb]<\/p>\n<ul>\n<li>Pour faire une r\u00e9f\u00e9rence en th\u00e9rapie pour un enfant qui vit \u00e0 Winnipeg \u2013 <a href=\"\/wp-content\/uploads\/2025\/10\/CTNM-Pediatric-Therapy-Referral-Fillable.pdf\" target=\"_blank\" rel=\"noopener\">t\u00e9l\u00e9chargez le formulaire de r\u00e9f\u00e9rence en th\u00e9rapie p\u00e9diatrique PDF (s&rsquo;ouvre dans une nouvelle fen\u00eatre)<\/a>. Le formulaire de r\u00e9f\u00e9rence peut \u00e9galement \u00eatre trouv\u00e9 dans Accuro Cloud sous CTNM Winnipeg. <\/li>\n<li>Pour faire une r\u00e9f\u00e9rence en th\u00e9rapie pour un enfant qui vit dans une autre r\u00e9gion de la province \u2013 <a href=\"https:\/\/www.gov.mb.ca\/fs\/ctnm\/index.html\" target=\"_blank\" rel=\"noopener\">visitez le site web du RTEM (s&rsquo;ouvre dans une nouvelle fen\u00eatre)<\/a>.<\/li>\n<\/ul>\n<p>[\/et_pb_text][\/et_pb_column][et_pb_column type=\u00a0\u00bb1_4&Prime; _builder_version=\u00a0\u00bb4.27.4&Prime; _module_preset=\u00a0\u00bbdefault\u00a0\u00bb global_colors_info=\u00a0\u00bb{}\u00a0\u00bb][\/et_pb_column][\/et_pb_row][et_pb_row column_structure=\u00a0\u00bb3_4,1_4&Prime; module_id=\u00a0\u00bbneurodevelopmental-services\u00a0\u00bb _builder_version=\u00a0\u00bb4.27.4&Prime; _module_preset=\u00a0\u00bbdefault\u00a0\u00bb global_colors_info=\u00a0\u00bb{}\u00a0\u00bb][et_pb_column type=\u00a0\u00bb3_4&Prime; _builder_version=\u00a0\u00bb4.27.4&Prime; _module_preset=\u00a0\u00bbdefault\u00a0\u00bb global_colors_info=\u00a0\u00bb{}\u00a0\u00bb][et_pb_text _builder_version=\u00a0\u00bb4.27.4&Prime; _module_preset=\u00a0\u00bbdefault\u00a0\u00bb global_colors_info=\u00a0\u00bb{}\u00a0\u00bb]<\/p>\n<h2>Services neurod\u00e9veloppementaux<\/h2>\n<h3>Clinique de d\u00e9veloppement de l&rsquo;enfant (CDE)<\/h3>\n<p>La Clinique de d\u00e9veloppement de l&rsquo;enfant (CDE) est une clinique de diagnostic qui fournit des \u00e9valuations pour les enfants d&rsquo;\u00e2ge pr\u00e9scolaire (avant l&rsquo;entr\u00e9e \u00e0 la maternelle) lorsqu&rsquo;il y a des pr\u00e9occupations d\u00e9veloppementales complexes dans plusieurs domaines du d\u00e9veloppement. Pour plus d&rsquo;informations \u2013 <a href=\"\/wp-content\/uploads\/2025\/10\/CDC-Letter.pdf\" target=\"_blank\" rel=\"noopener\">t\u00e9l\u00e9chargez la lettre de la CDE PDF (s&rsquo;ouvre dans une nouvelle fen\u00eatre)<\/a>. <\/p>\n<p>Les r\u00e9f\u00e9rences sont accept\u00e9es des p\u00e9diatres, des m\u00e9decins de famille et des infirmi\u00e8res praticiennes.<\/p>\n<p>[\/et_pb_text][et_pb_text _builder_version=\u00a0\u00bb4.27.4&Prime; _module_preset=\u00a0\u00bbdefault\u00a0\u00bb global_colors_info=\u00a0\u00bb{}\u00a0\u00bb]<\/p>\n<ul>\n<li>Pour r\u00e9f\u00e9rer \u00e0 la Clinique de d\u00e9veloppement de l&rsquo;enfant \u2013 <a href=\"https:\/\/sscy.ca\/wp-content\/uploads\/2025\/10\/Neurodevelopmental-Services-Referral-Form-March-2024-Final.docx\" target=\"_blank\" rel=\"noopener\">t\u00e9l\u00e9chargez le formulaire de r\u00e9f\u00e9rence des services neurod\u00e9veloppementaux DOCX<\/a>. Le formulaire de r\u00e9f\u00e9rence peut \u00e9galement \u00eatre trouv\u00e9 dans Accuro Cloud sous Neurodevelopmental Services RCC SSCY Referral Form CDC FASD 2024. <\/li>\n<li>Pour contacter la Clinique de d\u00e9veloppement de l&rsquo;enfant, appelez le <a href=\"tel:204-258-6621\">204-258-6621<\/a>.<\/li>\n<\/ul>\n<p>[\/et_pb_text][et_pb_text _builder_version=\u00a0\u00bb4.27.4&Prime; _module_preset=\u00a0\u00bbdefault\u00a0\u00bb global_colors_info=\u00a0\u00bb{}\u00a0\u00bb]<\/p>\n<h3>Centre ETCAF du Manitoba<\/h3>\n<p>Le Centre ETCAF du Manitoba fournit une \u00e9valuation, un diagnostic et un suivi \u00e0 court terme pour les enfants et les jeunes vivant au Manitoba avant l&rsquo;\u00e2ge de 18 ans. Pour faire une r\u00e9f\u00e9rence, des informations sont n\u00e9cessaires pour soutenir l&rsquo;exposition pr\u00e9natale \u00e0 l&rsquo;alcool et l&rsquo;enfant doit \u00e9galement pr\u00e9senter des probl\u00e8mes comportementaux complexes et\/ou des pr\u00e9occupations concernant son d\u00e9veloppement, sa cognition et\/ou son apprentissage. Pour plus d&rsquo;informations \u2013 <a href=\"\/wp-content\/uploads\/2025\/10\/MB-FASD-Letter.pdf\" target=\"_blank\" rel=\"noopener\">t\u00e9l\u00e9chargez la lettre du Centre ETCAF du Manitoba PDF (s&rsquo;ouvre dans une nouvelle fen\u00eatre)<\/a>.  <\/p>\n<p>Les r\u00e9f\u00e9rences sont accept\u00e9es des p\u00e9diatres, des m\u00e9decins de famille et des infirmi\u00e8res praticiennes. Les r\u00e9f\u00e9rences d&rsquo;autres sources seront \u00e9galement consid\u00e9r\u00e9es si n\u00e9cessaire. <\/p>\n<p>[\/et_pb_text][et_pb_text _builder_version=\u00a0\u00bb4.27.4&Prime; _module_preset=\u00a0\u00bbdefault\u00a0\u00bb global_colors_info=\u00a0\u00bb{}\u00a0\u00bb]<\/p>\n<ul>\n<li>Pour r\u00e9f\u00e9rer au Centre ETCAF du Manitoba \u2013 <a href=\"https:\/\/sscy.ca\/wp-content\/uploads\/2025\/10\/Neurodevelopmental-Services-Referral-Form-March-2024-Final.docx\">t\u00e9l\u00e9chargez le formulaire de r\u00e9f\u00e9rence des services neurod\u00e9veloppementaux DOCX<\/a>. Le formulaire de r\u00e9f\u00e9rence peut \u00e9galement \u00eatre trouv\u00e9 dans Accuro Cloud sous Neurodevelopmental Services RCC SSCY Referral Form CDC FASD 2024. <\/li>\n<li>Pour contacter le Centre ETCAF du Manitoba, appelez le <a href=\"tel:204-258-6600\">204-258-6600<\/a>.<\/li>\n<\/ul>\n<p>[\/et_pb_text][\/et_pb_column][et_pb_column type=\u00a0\u00bb1_4&Prime; _builder_version=\u00a0\u00bb4.27.4&Prime; _module_preset=\u00a0\u00bbdefault\u00a0\u00bb global_colors_info=\u00a0\u00bb{}\u00a0\u00bb][\/et_pb_column][\/et_pb_row][et_pb_row column_structure=\u00a0\u00bb3_4,1_4&Prime; module_id=\u00a0\u00bbother-clinics-and-services\u00a0\u00bb _builder_version=\u00a0\u00bb4.27.4&Prime; _module_preset=\u00a0\u00bbdefault\u00a0\u00bb global_colors_info=\u00a0\u00bb{}\u00a0\u00bb][et_pb_column type=\u00a0\u00bb3_4&Prime; _builder_version=\u00a0\u00bb4.27.4&Prime; _module_preset=\u00a0\u00bbdefault\u00a0\u00bb global_colors_info=\u00a0\u00bb{}\u00a0\u00bb][et_pb_text _builder_version=\u00a0\u00bb4.27.4&Prime; _module_preset=\u00a0\u00bbdefault\u00a0\u00bb global_colors_info=\u00a0\u00bb{}\u00a0\u00bb]<\/p>\n<h2>Autres cliniques et services au Centre SSCY<\/h2>\n<p>Le Centre de r\u00e9adaptation pour enfants (CRE) offre plusieurs cliniques pour les enfants ayant des handicaps neurod\u00e9veloppementaux. Pour en savoir plus \u2013 <a href=\"\/wp-content\/uploads\/2025\/10\/RCC-Clinics-Information.pdf\" target=\"_blank\" rel=\"noopener\">t\u00e9l\u00e9chargez les informations sur les cliniques du CRE PDF (s&rsquo;ouvre dans une nouvelle fen\u00eatre)<\/a>. <\/p>\n<p>Les r\u00e9f\u00e9rences sont accept\u00e9es des p\u00e9diatres, des m\u00e9decins de famille ou des infirmi\u00e8res praticiennes.<\/p>\n<p>[\/et_pb_text][et_pb_text _builder_version=\u00a0\u00bb4.27.4&Prime; _module_preset=\u00a0\u00bbdefault\u00a0\u00bb global_colors_info=\u00a0\u00bb{}\u00a0\u00bb]<\/p>\n<ul>\n<li>Pour des informations sur les r\u00e9f\u00e9rences \u00e0 la clinique d&rsquo;alimentation \u2013 <a href=\"\/wp-content\/uploads\/2025\/10\/Feeding-Clinic-Letter.pdf\" target=\"_blank\" rel=\"noopener\">t\u00e9l\u00e9chargez la lettre de la Clinique d&rsquo;alimentation PDF (s&rsquo;ouvre dans une nouvelle fen\u00eatre)<\/a>.<\/li>\n<li>Pour les r\u00e9f\u00e9rences m\u00e9dicales aux cliniques du CRE au Centre SSCY \u2013 <a href=\"\/wp-content\/uploads\/2025\/10\/RCC-Clinic-Intake-Form-Nov-2023.pdf\" target=\"_blank\" rel=\"noopener\">t\u00e9l\u00e9chargez le formulaire d&rsquo;admission aux cliniques du CRE PDF (s&rsquo;ouvre dans une nouvelle fen\u00eatre)<\/a>. Le formulaire de r\u00e9f\u00e9rence peut \u00e9galement \u00eatre trouv\u00e9 dans Accuro Cloud sous RCC Clinic Intake Referral 2023. <\/li>\n<li>Pour contacter les cliniques du CRE au Centre SSCY, appelez le <a href=\"tel:204-258-6564\">204-258-6564<\/a> ou le <a href=\"tel:204-258-6565\">204-258-6565<\/a>.<\/li>\n<li>Pour les r\u00e9f\u00e9rences des th\u00e9rapeutes \u00e0 la Clinique de technologie d&rsquo;assistance \u2013 <a href=\"https:\/\/rccinc.ca\/programs-and-services\/assistive-technology\/\" target=\"_blank\" rel=\"noopener\">visitez la page de technologie d&rsquo;assistance du CRE (s&rsquo;ouvre dans une nouvelle fen\u00eatre)<\/a>.<\/li>\n<li>Pour les r\u00e9f\u00e9rences des th\u00e9rapeutes aux Proth\u00e8ses et orth\u00e8ses \u2013 <a href=\"https:\/\/rccinc.ca\/programs-and-services\/prosthetics-and-orthotics\/\" target=\"_blank\" rel=\"noopener\">visitez la page des proth\u00e8ses et orth\u00e8ses du CRE (s&rsquo;ouvre dans une nouvelle fen\u00eatre)<\/a>.<\/li>\n<\/ul>\n<p>[\/et_pb_text][\/et_pb_column][et_pb_column type=\u00a0\u00bb1_4&Prime; _builder_version=\u00a0\u00bb4.27.4&Prime; _module_preset=\u00a0\u00bbdefault\u00a0\u00bb global_colors_info=\u00a0\u00bb{}\u00a0\u00bb][\/et_pb_column][\/et_pb_row][\/et_pb_section]<\/p>\n","protected":false},"excerpt":{"rendered":"<p>Des r\u00e9f\u00e9rences sont disponibles pour la th\u00e9rapie p\u00e9diatrique, les services neurod\u00e9veloppementaux et d&rsquo;autres cliniques et services au Centre SSCY.<\/p>\n","protected":false},"author":1,"featured_media":0,"parent":0,"menu_order":0,"comment_status":"closed","ping_status":"closed","template":"","meta":{"_acf_changed":false,"_et_pb_use_builder":"on","_et_pb_old_content":"","_et_gb_content_width":"","footnotes":""},"class_list":["post-936","page","type-page","status-publish","hentry"],"acf":[],"yoast_head":"<!-- This site is optimized with the Yoast SEO plugin v27.5 - https:\/\/yoast.com\/product\/yoast-seo-wordpress\/ -->\n<title>Informations sur les r\u00e9f\u00e9rences - Specialized Services for Children and Youth<\/title>\n<meta name=\"description\" content=\"Des r\u00e9f\u00e9rences sont disponibles pour la th\u00e9rapie p\u00e9diatrique, les services neurod\u00e9veloppementaux et d&#039;autres cliniques et services au Centre SSCY \u00e0 Winnipeg.\" \/>\n<meta name=\"robots\" content=\"index, follow, max-snippet:-1, max-image-preview:large, max-video-preview:-1\" \/>\n<link rel=\"canonical\" href=\"https:\/\/sscy.ca\/fr\/informations-sur-les-references\/\" \/>\n<meta property=\"og:locale\" content=\"fr_FR\" \/>\n<meta property=\"og:type\" content=\"article\" \/>\n<meta property=\"og:title\" content=\"Informations sur les r\u00e9f\u00e9rences - Specialized Services for Children and Youth\" \/>\n<meta property=\"og:description\" content=\"Des r\u00e9f\u00e9rences sont disponibles pour la th\u00e9rapie p\u00e9diatrique, les services neurod\u00e9veloppementaux et d&#039;autres cliniques et services au Centre SSCY \u00e0 Winnipeg.\" \/>\n<meta property=\"og:url\" content=\"https:\/\/sscy.ca\/fr\/informations-sur-les-references\/\" \/>\n<meta property=\"og:site_name\" content=\"Specialized Services for Children and Youth\" \/>\n<meta property=\"article:modified_time\" content=\"2025-11-04T20:27:02+00:00\" \/>\n<meta name=\"twitter:card\" content=\"summary_large_image\" \/>\n<script type=\"application\/ld+json\" class=\"yoast-schema-graph\">{\"@context\":\"https:\\\/\\\/schema.org\",\"@graph\":[{\"@type\":\"WebPage\",\"@id\":\"https:\\\/\\\/sscy.ca\\\/fr\\\/informations-sur-les-references\\\/\",\"url\":\"https:\\\/\\\/sscy.ca\\\/fr\\\/informations-sur-les-references\\\/\",\"name\":\"Informations sur les r\u00e9f\u00e9rences - Specialized Services for Children and Youth\",\"isPartOf\":{\"@id\":\"https:\\\/\\\/sscy.ca\\\/fr\\\/#website\"},\"datePublished\":\"2025-10-03T16:41:19+00:00\",\"dateModified\":\"2025-11-04T20:27:02+00:00\",\"description\":\"Des r\u00e9f\u00e9rences sont disponibles pour la th\u00e9rapie p\u00e9diatrique, les services neurod\u00e9veloppementaux et d'autres cliniques et services au Centre SSCY \u00e0 Winnipeg.\",\"breadcrumb\":{\"@id\":\"https:\\\/\\\/sscy.ca\\\/fr\\\/informations-sur-les-references\\\/#breadcrumb\"},\"inLanguage\":\"fr-FR\",\"potentialAction\":[{\"@type\":\"ReadAction\",\"target\":[\"https:\\\/\\\/sscy.ca\\\/fr\\\/informations-sur-les-references\\\/\"]}]},{\"@type\":\"BreadcrumbList\",\"@id\":\"https:\\\/\\\/sscy.ca\\\/fr\\\/informations-sur-les-references\\\/#breadcrumb\",\"itemListElement\":[{\"@type\":\"ListItem\",\"position\":1,\"name\":\"Accueil\",\"item\":\"https:\\\/\\\/sscy.ca\\\/fr\\\/accueil\\\/\"},{\"@type\":\"ListItem\",\"position\":2,\"name\":\"Informations sur les r\u00e9f\u00e9rences\"}]},{\"@type\":\"WebSite\",\"@id\":\"https:\\\/\\\/sscy.ca\\\/fr\\\/#website\",\"url\":\"https:\\\/\\\/sscy.ca\\\/fr\\\/\",\"name\":\"Specialized Services for Children and Youth\",\"description\":\"\",\"potentialAction\":[{\"@type\":\"SearchAction\",\"target\":{\"@type\":\"EntryPoint\",\"urlTemplate\":\"https:\\\/\\\/sscy.ca\\\/fr\\\/?s={search_term_string}\"},\"query-input\":{\"@type\":\"PropertyValueSpecification\",\"valueRequired\":true,\"valueName\":\"search_term_string\"}}],\"inLanguage\":\"fr-FR\"}]}<\/script>\n<!-- \/ Yoast SEO plugin. -->","yoast_head_json":{"title":"Informations sur les r\u00e9f\u00e9rences - Specialized Services for Children and Youth","description":"Des r\u00e9f\u00e9rences sont disponibles pour la th\u00e9rapie p\u00e9diatrique, les services neurod\u00e9veloppementaux et d'autres cliniques et services au Centre SSCY \u00e0 Winnipeg.","robots":{"index":"index","follow":"follow","max-snippet":"max-snippet:-1","max-image-preview":"max-image-preview:large","max-video-preview":"max-video-preview:-1"},"canonical":"https:\/\/sscy.ca\/fr\/informations-sur-les-references\/","og_locale":"fr_FR","og_type":"article","og_title":"Informations sur les r\u00e9f\u00e9rences - Specialized Services for Children and Youth","og_description":"Des r\u00e9f\u00e9rences sont disponibles pour la th\u00e9rapie p\u00e9diatrique, les services neurod\u00e9veloppementaux et d'autres cliniques et services au Centre SSCY \u00e0 Winnipeg.","og_url":"https:\/\/sscy.ca\/fr\/informations-sur-les-references\/","og_site_name":"Specialized Services for Children and Youth","article_modified_time":"2025-11-04T20:27:02+00:00","twitter_card":"summary_large_image","schema":{"@context":"https:\/\/schema.org","@graph":[{"@type":"WebPage","@id":"https:\/\/sscy.ca\/fr\/informations-sur-les-references\/","url":"https:\/\/sscy.ca\/fr\/informations-sur-les-references\/","name":"Informations sur les r\u00e9f\u00e9rences - Specialized Services for Children and Youth","isPartOf":{"@id":"https:\/\/sscy.ca\/fr\/#website"},"datePublished":"2025-10-03T16:41:19+00:00","dateModified":"2025-11-04T20:27:02+00:00","description":"Des r\u00e9f\u00e9rences sont disponibles pour la th\u00e9rapie p\u00e9diatrique, les services neurod\u00e9veloppementaux et d'autres cliniques et services au Centre SSCY \u00e0 Winnipeg.","breadcrumb":{"@id":"https:\/\/sscy.ca\/fr\/informations-sur-les-references\/#breadcrumb"},"inLanguage":"fr-FR","potentialAction":[{"@type":"ReadAction","target":["https:\/\/sscy.ca\/fr\/informations-sur-les-references\/"]}]},{"@type":"BreadcrumbList","@id":"https:\/\/sscy.ca\/fr\/informations-sur-les-references\/#breadcrumb","itemListElement":[{"@type":"ListItem","position":1,"name":"Accueil","item":"https:\/\/sscy.ca\/fr\/accueil\/"},{"@type":"ListItem","position":2,"name":"Informations sur les r\u00e9f\u00e9rences"}]},{"@type":"WebSite","@id":"https:\/\/sscy.ca\/fr\/#website","url":"https:\/\/sscy.ca\/fr\/","name":"Specialized Services for Children and Youth","description":"","potentialAction":[{"@type":"SearchAction","target":{"@type":"EntryPoint","urlTemplate":"https:\/\/sscy.ca\/fr\/?s={search_term_string}"},"query-input":{"@type":"PropertyValueSpecification","valueRequired":true,"valueName":"search_term_string"}}],"inLanguage":"fr-FR"}]}},"_links":{"self":[{"href":"https:\/\/sscy.ca\/fr\/wp-json\/wp\/v2\/pages\/936","targetHints":{"allow":["GET"]}}],"collection":[{"href":"https:\/\/sscy.ca\/fr\/wp-json\/wp\/v2\/pages"}],"about":[{"href":"https:\/\/sscy.ca\/fr\/wp-json\/wp\/v2\/types\/page"}],"author":[{"embeddable":true,"href":"https:\/\/sscy.ca\/fr\/wp-json\/wp\/v2\/users\/1"}],"replies":[{"embeddable":true,"href":"https:\/\/sscy.ca\/fr\/wp-json\/wp\/v2\/comments?post=936"}],"version-history":[{"count":2,"href":"https:\/\/sscy.ca\/fr\/wp-json\/wp\/v2\/pages\/936\/revisions"}],"predecessor-version":[{"id":1167,"href":"https:\/\/sscy.ca\/fr\/wp-json\/wp\/v2\/pages\/936\/revisions\/1167"}],"wp:attachment":[{"href":"https:\/\/sscy.ca\/fr\/wp-json\/wp\/v2\/media?parent=936"}],"curies":[{"name":"wp","href":"https:\/\/api.w.org\/{rel}","templated":true}]}}